{"id":2611,"date":"2022-09-14T09:02:19","date_gmt":"2022-09-14T07:02:19","guid":{"rendered":"https:\/\/www.maisonloire.com\/offers-2\/"},"modified":"2022-12-02T16:14:29","modified_gmt":"2022-12-02T14:14:29","slug":"offers-2","status":"publish","type":"page","link":"https:\/\/www.maisonloire.com\/it\/home\/offers-2\/","title":{"rendered":"Riconnettersi con la natura, la bellezza e lo spirito creativo"},"content":{"rendered":"\n<p>La Maison Loire offre esperienze coinvolgenti che permettono agli ospiti di nutrire la propria anima e di concentrarsi sul proprio benessere.<\/p>\n\n\n<p><a class=\"more-link about-link\" href=\"https:\/\/www.maisonloire.com\/it\/#experiences\">Per saperne di pi\u00f9<\/a><\/p>","protected":false},"excerpt":{"rendered":"<p>L&#8217;hotel \u00e8 disposto su tre piani in riva al mare. Al piano terra, oltre alla reception, c&#8217;\u00e8 un comodo salotto dove \u00e8 possibile sedersi e bere un t\u00e8.<\/p>\n","protected":false},"author":1,"featured_media":2096,"parent":2956,"menu_order":5,"comment_status":"closed","ping_status":"closed","template":"","meta":{"inline_featured_image":false,"footnotes":""},"class_list":["post-2611","page","type-page","status-publish","has-post-thumbnail","hentry"],"_links":{"self":[{"href":"https:\/\/www.maisonloire.com\/it\/wp-json\/wp\/v2\/pages\/2611","targetHints":{"allow":["GET"]}}],"collection":[{"href":"https:\/\/www.maisonloire.com\/it\/wp-json\/wp\/v2\/pages"}],"about":[{"href":"https:\/\/www.maisonloire.com\/it\/wp-json\/wp\/v2\/types\/page"}],"author":[{"embeddable":true,"href":"https:\/\/www.maisonloire.com\/it\/wp-json\/wp\/v2\/users\/1"}],"replies":[{"embeddable":true,"href":"https:\/\/www.maisonloire.com\/it\/wp-json\/wp\/v2\/comments?post=2611"}],"version-history":[{"count":0,"href":"https:\/\/www.maisonloire.com\/it\/wp-json\/wp\/v2\/pages\/2611\/revisions"}],"up":[{"embeddable":true,"href":"https:\/\/www.maisonloire.com\/it\/wp-json\/wp\/v2\/pages\/2956"}],"wp:featuredmedia":[{"embeddable":true,"href":"https:\/\/www.maisonloire.com\/it\/wp-json\/wp\/v2\/media\/2096"}],"wp:attachment":[{"href":"https:\/\/www.maisonloire.com\/it\/wp-json\/wp\/v2\/media?parent=2611"}],"curies":[{"name":"wp","href":"https:\/\/api.w.org\/{rel}","templated":true}]}}